{"id":2131,"date":"2025-07-22T12:43:26","date_gmt":"2025-07-22T12:43:26","guid":{"rendered":"https:\/\/e2pack.com\/index.php\/note-legali\/"},"modified":"2025-08-28T08:04:42","modified_gmt":"2025-08-28T08:04:42","slug":"note-legali","status":"publish","type":"page","link":"https:\/\/e2pack.com\/it\/note-legali\/","title":{"rendered":"Note legali"},"content":{"rendered":"\t\t<div data-elementor-type=\"wp-page\" data-elementor-id=\"2131\" class=\"elementor elementor-2131 elementor-84\" data-elementor-settings=\"{&quot;element_pack_global_tooltip_width&quot;:{&quot;unit&quot;:&quot;px&quot;,&quot;size&quot;:&quot;&quot;,&quot;sizes&quot;:[]},&quot;element_pack_global_tooltip_width_laptop&quot;:{&quot;unit&quot;:&quot;px&quot;,&quot;size&quot;:&quot;&quot;,&quot;sizes&quot;:[]},&quot;element_pack_global_tooltip_width_tablet_extra&quot;:{&quot;unit&quot;:&quot;px&quot;,&quot;size&quot;:&quot;&quot;,&quot;sizes&quot;:[]},&quot;element_pack_global_tooltip_width_tablet&quot;:{&quot;unit&quot;:&quot;px&quot;,&quot;size&quot;:&quot;&quot;,&quot;sizes&quot;:[]},&quot;element_pack_global_tooltip_width_mobile&quot;:{&quot;unit&quot;:&quot;px&quot;,&quot;size&quot;:&quot;&quot;,&quot;sizes&quot;:[]},&quot;element_pack_global_tooltip_padding&quot;:{&quot;unit&quot;:&quot;px&quot;,&quot;top&quot;:&quot;&quot;,&quot;right&quot;:&quot;&quot;,&quot;bottom&quot;:&quot;&quot;,&quot;left&quot;:&quot;&quot;,&quot;isLinked&quot;:true},&quot;element_pack_global_tooltip_padding_laptop&quot;:{&quot;unit&quot;:&quot;px&quot;,&quot;top&quot;:&quot;&quot;,&quot;right&quot;:&quot;&quot;,&quot;bottom&quot;:&quot;&quot;,&quot;left&quot;:&quot;&quot;,&quot;isLinked&quot;:true},&quot;element_pack_global_tooltip_padding_tablet_extra&quot;:{&quot;unit&quot;:&quot;px&quot;,&quot;top&quot;:&quot;&quot;,&quot;right&quot;:&quot;&quot;,&quot;bottom&quot;:&quot;&quot;,&quot;left&quot;:&quot;&quot;,&quot;isLinked&quot;:true},&quot;element_pack_global_tooltip_padding_tablet&quot;:{&quot;unit&quot;:&quot;px&quot;,&quot;top&quot;:&quot;&quot;,&quot;right&quot;:&quot;&quot;,&quot;bottom&quot;:&quot;&quot;,&quot;left&quot;:&quot;&quot;,&quot;isLinked&quot;:true},&quot;element_pack_global_tooltip_padding_mobile&quot;:{&quot;unit&quot;:&quot;px&quot;,&quot;top&quot;:&quot;&quot;,&quot;right&quot;:&quot;&quot;,&quot;bottom&quot;:&quot;&quot;,&quot;left&quot;:&quot;&quot;,&quot;isLinked&quot;:true},&quot;element_pack_global_tooltip_border_radius&quot;:{&quot;unit&quot;:&quot;px&quot;,&quot;top&quot;:&quot;&quot;,&quot;right&quot;:&quot;&quot;,&quot;bottom&quot;:&quot;&quot;,&quot;left&quot;:&quot;&quot;,&quot;isLinked&quot;:true},&quot;element_pack_global_tooltip_border_radius_laptop&quot;:{&quot;unit&quot;:&quot;px&quot;,&quot;top&quot;:&quot;&quot;,&quot;right&quot;:&quot;&quot;,&quot;bottom&quot;:&quot;&quot;,&quot;left&quot;:&quot;&quot;,&quot;isLinked&quot;:true},&quot;element_pack_global_tooltip_border_radius_tablet_extra&quot;:{&quot;unit&quot;:&quot;px&quot;,&quot;top&quot;:&quot;&quot;,&quot;right&quot;:&quot;&quot;,&quot;bottom&quot;:&quot;&quot;,&quot;left&quot;:&quot;&quot;,&quot;isLinked&quot;:true},&quot;element_pack_global_tooltip_border_radius_tablet&quot;:{&quot;unit&quot;:&quot;px&quot;,&quot;top&quot;:&quot;&quot;,&quot;right&quot;:&quot;&quot;,&quot;bottom&quot;:&quot;&quot;,&quot;left&quot;:&quot;&quot;,&quot;isLinked&quot;:true},&quot;element_pack_global_tooltip_border_radius_mobile&quot;:{&quot;unit&quot;:&quot;px&quot;,&quot;top&quot;:&quot;&quot;,&quot;right&quot;:&quot;&quot;,&quot;bottom&quot;:&quot;&quot;,&quot;left&quot;:&quot;&quot;,&quot;isLinked&quot;:true}}\" data-elementor-post-type=\"page\">\n\t\t\t\t<div class=\"elementor-element elementor-element-df5ffa5 e-flex e-con-boxed e-con e-parent\" data-id=\"df5ffa5\" data-element_type=\"container\" data-e-type=\"container\">\n\t\t\t\t\t<div class=\"e-con-inner\">\n\t\t\t\t<div class=\"elementor-element elementor-element-3695d19 elementor-widget elementor-widget-text-editor\" data-id=\"3695d19\" data-element_type=\"widget\" data-e-type=\"widget\" data-widget_type=\"text-editor.default\">\n\t\t\t\t<div class=\"elementor-widget-container\">\n\t\t\t\t\t\t\t\t\t<p><strong>Note legali e Termini d\u2019uso<\/strong><\/p><p>CONDIZIONI GENERALI DI UTILIZZO DEL SITO WWW.E2PACK.COM<\/p><p><strong>Valore delle Condizioni Generali di utilizzo del sito www.e2pack.com<\/strong><\/p><p>Le presenti Condizioni Generali di utilizzo del sito www.e2pack.com (le <strong>\u201cCondizioni Generali\u201d<\/strong>) debbono essere rispettate da chiunque acceda e consulti le pagine del sito www.e2pack.com (il \u201cSito\u201d). L\u2019accesso al Sito e qualsivoglia interazione con il medesimo costituiscono piena ed incondizionata accettazione delle Condizioni Generali. Laddove l\u2019utente non intenda accettare le presenti Condizioni Generali, \u00e8 invitato a non utilizzare il Sito o a farne qualsiasi uso. L\u2019utente del Sito dichiara espressamente di non utilizzare detto Sito e qualsiasi materiale in esso contenuto, sotto qualsiasi forma, per scopi illeciti o, in ogni caso, contrari alle vigenti norme di legge. E2Pack S.r.l. (<strong>\u201cE2Pack\u201d<\/strong>) si riserva il diritto di modificare in qualunque momento le Condizioni Generali, senza che di questa circostanza ne debba essere dato preavviso agli utenti e fermo restando l\u2019onere di questi ultimi di prenderne visione prima di accedere al Sito. E\u2019 da considerarsi vietata, senza la previa autorizzazione scritta di E2Pack, la creazione di link di collegamento (linking &amp; framing) a qualsiasi pagina del Sito.     <\/p><p><strong>Finalit\u00e0 del Sito<\/strong><\/p><p>Attraverso il Sito, E2Pack intende fornire ai propri clienti e, in generale, a tutti coloro che possono essere interessati, accesso ad informazioni generali relative ai propri prodotti ed alle iniziative commerciali e\/o promozionali di volta in volta assunte da E2Pack per migliorarne la qualit\u00e0 e la notoriet\u00e0. Il Sito \u00e8 un portale di informazione on-line, i cui contenuti (a mero titolo esemplificativo e non esaustivo, le fotografie, i testi, i video, le riproduzioni sonore, le rappresentazioni grafiche, la documentazione tecnica, ecc.) ed i relativi diritti sono riservati. <\/p><p><strong>Diritti di propriet\u00e0 industriale ed intellettuale<\/strong><\/p><p>Tutti i contenuti di qualsiasi pagina del Sito sono Copyright \u00a9 di E2Pack e non possono essere, n\u00e9 totalmente n\u00e9 parzialmente, copiati, disseminati, riprodotti, estratti, reimpiegati, caricati, pubblicati in qualsiasi modo senza la previa autorizzazione scritta di E2Pack. Resta salva la facolt\u00e0 di stampare estratti delle pagine del Sito unicamente per finalit\u00e0 d\u2019informazione privata e personale. Tutti i diritti riservati. E\u2019 vietata qualsivoglia attivit\u00e0 connessa ai contenuti del Sito che possa ledere i legittimi interessi degli autori e titolari dei diritti sulle opere dell\u2019ingegno ivi accessibili. I marchi, i loghi, i segni, i nomi di dominio, le denominazioni sociali, le ditte e le insegne che compaiono sul Sito sono di esclusiva propriet\u00e0 di E2PAck e delle societ\u00e0 che ne compongono il gruppo di Bottero S.p.A.. Essi non possono essere riprodotti in qualsivoglia formato o modalit\u00e0 senza la previa autorizzazione scritta di E2Pack. Il nome E2Pack S.r.l. e qualsiasi marchio che includa il marchio E2Pack non possono essere utilizzati come indirizzi Internet in altri siti o come parti di indirizzi Internet senza la previa autorizzazione scritta di E2Pack.      <\/p><p><strong>Limiti di responsabilit\u00e0<\/strong><\/p><p>Tutte le informazioni ed i dati contenuti nel Sito sono forniti in buona fede, a mero titolo informativo; essi possono essere viziati da refusi o da imprecisioni anche dovute a cause tecniche. In nessun caso, E2Pack sar\u00e0 ritenuta responsabile per qualsivoglia danno diretto e\/o indiretto, ivi compreso il lucro cessante, causato dall\u2019utilizzo o dall\u2019impossibilit\u00e0 di utilizzo del Sito. E2Pack potr\u00e0 modificare, aggiornare o eliminare alcune pagine e\/o sezioni del Sito senza alcun preavviso. E2Pack non assume alcuna responsabilit\u00e0 per materiali creati o pubblicati da soggetti terzi con i quali il Sito abbia un link di collegamento. L\u2019eventuale collegamento con altri siti non implica che E2Pack sponsorizzi o sia affiliata con i soggetti che gestiscono detti siti e declina qualsiasi responsabilit\u00e0 in relazione ai contenuti di questi ultimi.    <\/p><p><strong>Informazioni inviate a E2Pack<\/strong><\/p><p>E2Pack non assume alcuna responsabilit\u00e0 per qualsivoglia informazione o dato ricevuti tramite email o attraverso le pagine del Sito. Chiunque invia materiale di questa natura a E2Pack garantisce che il medesimo \u00e8 liberamente pubblicabile e dichiara di tenere indenne e manlevata E2PAck da qualsiasi azione da parte di terzi in relazione a detto materiale. <\/p><p><strong>Legge applicabile e Foro competente<\/strong><\/p><p>Le presenti Condizioni Generali sono regolate dalla legge italiana senza riguardo all\u2019applicazione delle norme di conflitto. Per qualunque controversia connessa con le presenti Condizioni Generali sar\u00e0 competente in via esclusiva il Foro di Cuneo. <\/p><p><strong>Lingua<\/strong><\/p><p>Le presenti Condizioni Generali sono redatte in lingua italiana ed inglese. In caso di eventuale contrasto interpretativo tra le due versioni citate, prevarr\u00e0 la versione in lingua italiana. <\/p><p><strong>Informazioni relative a E2Pack<\/strong><\/p><p><strong>E2Pack S.r.l.<\/strong><\/p><p>Sede Legale: Via Genova, 82<\/p><p>12100 Cuneo \u2013 ITALY<\/p><p>Tel. +39 0171 310611 \u2013 Fax +39 0171 401611 <\/p><p>Stabilimento: Via Galileo Galilei , 29<\/p><p>42027 Montecchio Emilia (RE) \u2013 ITALY<\/p><p>Tel. +39 0522 861911 +39 0522 861911<\/p><p>Website: www.e2pack.com<\/p><p>Email: info@e2pack.com<\/p><p>PEC Mail: e2pack@pecdotcom.it<\/p><p>P.IVA e C.F.: 04102520048<\/p><p><strong>Definizioni e riferimenti legali<\/strong><\/p><p>Ultima modifica: 29 Luglio 2024<\/p>\t\t\t\t\t\t\t\t<\/div>\n\t\t\t\t<\/div>\n\t\t\t\t\t<\/div>\n\t\t\t\t<\/div>\n\t\t\t\t<\/div>\n\t\t","protected":false},"excerpt":{"rendered":"<p>Note legali e Termini d\u2019uso CONDIZIONI GENERALI DI UTILIZZO DEL SITO WWW.E2PACK.COM Valore delle Condizioni Generali di utilizzo del sito www.e2pack.com Le presenti Condizioni Generali di utilizzo del sito www.e2pack.com (le \u201cCondizioni Generali\u201d) debbono essere rispettate da chiunque acceda e consulti le pagine del sito www.e2pack.com (il \u201cSito\u201d). L\u2019accesso al Sito e qualsivoglia interazione con [&hellip;]<\/p>\n","protected":false},"author":2,"featured_media":0,"parent":0,"menu_order":0,"comment_status":"closed","ping_status":"closed","template":"elementor_header_footer","meta":{"footnotes":""},"class_list":["post-2131","page","type-page","status-publish","hentry"],"_links":{"self":[{"href":"https:\/\/e2pack.com\/it\/wp-json\/wp\/v2\/pages\/2131","targetHints":{"allow":["GET"]}}],"collection":[{"href":"https:\/\/e2pack.com\/it\/wp-json\/wp\/v2\/pages"}],"about":[{"href":"https:\/\/e2pack.com\/it\/wp-json\/wp\/v2\/types\/page"}],"author":[{"embeddable":true,"href":"https:\/\/e2pack.com\/it\/wp-json\/wp\/v2\/users\/2"}],"replies":[{"embeddable":true,"href":"https:\/\/e2pack.com\/it\/wp-json\/wp\/v2\/comments?post=2131"}],"version-history":[{"count":0,"href":"https:\/\/e2pack.com\/it\/wp-json\/wp\/v2\/pages\/2131\/revisions"}],"wp:attachment":[{"href":"https:\/\/e2pack.com\/it\/wp-json\/wp\/v2\/media?parent=2131"}],"curies":[{"name":"wp","href":"https:\/\/api.w.org\/{rel}","templated":true}]}}