{"id":2151,"date":"2025-07-23T13:45:23","date_gmt":"2025-07-23T13:45:23","guid":{"rendered":"https:\/\/e2pack.com\/index.php\/sistemi-automatici-per-rimozione-film-e-reggia\/"},"modified":"2026-03-20T13:28:37","modified_gmt":"2026-03-20T13:28:37","slug":"sistemi-automatici-per-rimozione-film-e-reggia","status":"publish","type":"page","link":"https:\/\/e2pack.com\/it\/sistemi-automatici-per-rimozione-film-e-reggia\/","title":{"rendered":"Sistemi automatici per rimozione film e reggia"},"content":{"rendered":"\t\t<div data-elementor-type=\"wp-page\" data-elementor-id=\"2151\" class=\"elementor elementor-2151 elementor-279\" data-elementor-settings=\"{&quot;element_pack_global_tooltip_width&quot;:{&quot;unit&quot;:&quot;px&quot;,&quot;size&quot;:&quot;&quot;,&quot;sizes&quot;:[]},&quot;element_pack_global_tooltip_width_laptop&quot;:{&quot;unit&quot;:&quot;px&quot;,&quot;size&quot;:&quot;&quot;,&quot;sizes&quot;:[]},&quot;element_pack_global_tooltip_width_tablet_extra&quot;:{&quot;unit&quot;:&quot;px&quot;,&quot;size&quot;:&quot;&quot;,&quot;sizes&quot;:[]},&quot;element_pack_global_tooltip_width_tablet&quot;:{&quot;unit&quot;:&quot;px&quot;,&quot;size&quot;:&quot;&quot;,&quot;sizes&quot;:[]},&quot;element_pack_global_tooltip_width_mobile&quot;:{&quot;unit&quot;:&quot;px&quot;,&quot;size&quot;:&quot;&quot;,&quot;sizes&quot;:[]},&quot;element_pack_global_tooltip_padding&quot;:{&quot;unit&quot;:&quot;px&quot;,&quot;top&quot;:&quot;&quot;,&quot;right&quot;:&quot;&quot;,&quot;bottom&quot;:&quot;&quot;,&quot;left&quot;:&quot;&quot;,&quot;isLinked&quot;:true},&quot;element_pack_global_tooltip_padding_laptop&quot;:{&quot;unit&quot;:&quot;px&quot;,&quot;top&quot;:&quot;&quot;,&quot;right&quot;:&quot;&quot;,&quot;bottom&quot;:&quot;&quot;,&quot;left&quot;:&quot;&quot;,&quot;isLinked&quot;:true},&quot;element_pack_global_tooltip_padding_tablet_extra&quot;:{&quot;unit&quot;:&quot;px&quot;,&quot;top&quot;:&quot;&quot;,&quot;right&quot;:&quot;&quot;,&quot;bottom&quot;:&quot;&quot;,&quot;left&quot;:&quot;&quot;,&quot;isLinked&quot;:true},&quot;element_pack_global_tooltip_padding_tablet&quot;:{&quot;unit&quot;:&quot;px&quot;,&quot;top&quot;:&quot;&quot;,&quot;right&quot;:&quot;&quot;,&quot;bottom&quot;:&quot;&quot;,&quot;left&quot;:&quot;&quot;,&quot;isLinked&quot;:true},&quot;element_pack_global_tooltip_padding_mobile&quot;:{&quot;unit&quot;:&quot;px&quot;,&quot;top&quot;:&quot;&quot;,&quot;right&quot;:&quot;&quot;,&quot;bottom&quot;:&quot;&quot;,&quot;left&quot;:&quot;&quot;,&quot;isLinked&quot;:true},&quot;element_pack_global_tooltip_border_radius&quot;:{&quot;unit&quot;:&quot;px&quot;,&quot;top&quot;:&quot;&quot;,&quot;right&quot;:&quot;&quot;,&quot;bottom&quot;:&quot;&quot;,&quot;left&quot;:&quot;&quot;,&quot;isLinked&quot;:true},&quot;element_pack_global_tooltip_border_radius_laptop&quot;:{&quot;unit&quot;:&quot;px&quot;,&quot;top&quot;:&quot;&quot;,&quot;right&quot;:&quot;&quot;,&quot;bottom&quot;:&quot;&quot;,&quot;left&quot;:&quot;&quot;,&quot;isLinked&quot;:true},&quot;element_pack_global_tooltip_border_radius_tablet_extra&quot;:{&quot;unit&quot;:&quot;px&quot;,&quot;top&quot;:&quot;&quot;,&quot;right&quot;:&quot;&quot;,&quot;bottom&quot;:&quot;&quot;,&quot;left&quot;:&quot;&quot;,&quot;isLinked&quot;:true},&quot;element_pack_global_tooltip_border_radius_tablet&quot;:{&quot;unit&quot;:&quot;px&quot;,&quot;top&quot;:&quot;&quot;,&quot;right&quot;:&quot;&quot;,&quot;bottom&quot;:&quot;&quot;,&quot;left&quot;:&quot;&quot;,&quot;isLinked&quot;:true},&quot;element_pack_global_tooltip_border_radius_mobile&quot;:{&quot;unit&quot;:&quot;px&quot;,&quot;top&quot;:&quot;&quot;,&quot;right&quot;:&quot;&quot;,&quot;bottom&quot;:&quot;&quot;,&quot;left&quot;:&quot;&quot;,&quot;isLinked&quot;:true}}\" data-elementor-post-type=\"page\">\n\t\t\t\t<div class=\"elementor-element elementor-element-986b7e2 e-flex e-con-boxed e-con e-parent\" data-id=\"986b7e2\" data-element_type=\"container\" data-e-type=\"container\" data-settings=\"{&quot;background_background&quot;:&quot;video&quot;,&quot;background_video_link&quot;:&quot;https:\\\/\\\/e2pack.com\\\/wp-content\\\/uploads\\\/2025\\\/07\\\/01Unwrapper-transcode.mp4&quot;,&quot;background_play_on_mobile&quot;:&quot;yes&quot;}\">\n\t\t\t\t\t<div class=\"e-con-inner\">\n\t\t<div class=\"elementor-background-video-container\">\n\t\t\t\t\t\t\t<video class=\"elementor-background-video-hosted\" role=\"presentation\" autoplay muted playsinline loop><\/video>\n\t\t\t\t\t<\/div><div class=\"elementor-element elementor-element-dcff2ac e-grid e-con-full e-con e-child\" data-id=\"dcff2ac\" data-element_type=\"container\" data-e-type=\"container\">\n\t\t\t\t<div class=\"elementor-element elementor-element-ad99525 svg-bianca elementor-view-default elementor-widget elementor-widget-icon\" data-id=\"ad99525\" data-element_type=\"widget\" data-e-type=\"widget\" data-widget_type=\"icon.default\">\n\t\t\t\t<div class=\"elementor-widget-container\">\n\t\t\t\t\t\t\t<div class=\"elementor-icon-wrapper\">\n\t\t\t<a class=\"elementor-icon\" href=\"https:\/\/e2pack.com\/stacker-cranes\/\">\n\t\t\t<svg xmlns=\"http:\/\/www.w3.org\/2000\/svg\" viewBox=\"0 0 394 356\" width=\"394\" height=\"356\"><style>.a{fill:#fff}<\/style><path fill-rule=\"evenodd\" class=\"a\" d=\"m138.4 280.6l-52.3-90.6h-86.1l95.3 165.1 43.1-74.5z\"><\/path><path fill-rule=\"evenodd\" class=\"a\" d=\"m0 165.2h86.1l52.3-90.6-43.1-74.6-95.3 165.2z\"><\/path><path class=\"a\" d=\"m138.2 157h-18.2v42h9.7v-11.6h8.5c11.2 0 18.2-5.8 18.2-15.2 0-9.4-7-15.2-18.2-15.2zm-0.6 22.5h-7.9v-14.6h7.9c6 0 9 2.7 9 7.3 0 4.6-3 7.3-9 7.3zm62.6 19.5l-9.4-13.5c5.4-2.3 8.6-7 8.6-13.3 0-9.4-7-15.2-18.2-15.2h-18.2v42h9.7v-11.7h8.5 0.4l8.1 11.7zm-10.6-26.8c0 4.6-3 7.4-8.9 7.4h-7.9v-14.7h7.9c5.9 0 8.9 2.7 8.9 7.3zm27.1 19v-9.7h19.5v-7.6h-19.5v-9.1h22.1v-7.8h-31.8v42h32.6v-7.8zm61-34.2l-12.9 30-12.8-30h-10.5l18.1 42h9.6l18.2-42z\"><\/path><\/svg>\t\t\t<\/a>\n\t\t<\/div>\n\t\t\t\t\t\t<\/div>\n\t\t\t\t<\/div>\n\t\t\t\t<div class=\"elementor-element elementor-element-1979a36 svg-bianca elementor-view-default elementor-widget elementor-widget-icon\" data-id=\"1979a36\" data-element_type=\"widget\" data-e-type=\"widget\" data-widget_type=\"icon.default\">\n\t\t\t\t<div class=\"elementor-widget-container\">\n\t\t\t\t\t\t\t<div class=\"elementor-icon-wrapper\">\n\t\t\t<a class=\"elementor-icon\" href=\"https:\/\/e2pack.com\/depalletizing-systems\/\">\n\t\t\t<svg xmlns=\"http:\/\/www.w3.org\/2000\/svg\" viewBox=\"0 0 369 356\" width=\"369\" height=\"356\"><style>.a{fill:#fff}<\/style><path fill-rule=\"evenodd\" class=\"a\" d=\"m230 74.6l52.3 90.6h86.1l-95.3-165.2-43.1 74.6z\"><\/path><path fill-rule=\"evenodd\" class=\"a\" d=\"m368.4 190h-86.1l-52.3 90.6 43 74.5 95.4-165.1z\"><\/path><path class=\"a\" d=\"m115.9 157v25.5l-20.9-25.5h-8v42h9.6v-25.5l20.9 25.5h8v-42zm28.7 34.2v-9.7h19.5v-7.6h-19.5v-9.1h22.1v-7.8h-31.7v42h32.5v-7.8zm68 7.8l-15.6-21.7 14.6-20.3h-10.5l-9.5 13.6-9.6-13.6h-11.1l14.8 20.6-15.6 21.4h11.2l10-14.6 10.1 14.6zm12 0h9.7v-34.1h13.5v-7.9h-36.6v7.9h13.4z\"><\/path><\/svg>\t\t\t<\/a>\n\t\t<\/div>\n\t\t\t\t\t\t<\/div>\n\t\t\t\t<\/div>\n\t\t\t\t<\/div>\n\t\t\t\t<div class=\"elementor-element elementor-element-d33fc60 elementor-widget elementor-widget-heading\" data-id=\"d33fc60\" data-element_type=\"widget\" data-e-type=\"widget\" data-widget_type=\"heading.default\">\n\t\t\t\t<div class=\"elementor-widget-container\">\n\t\t\t\t\t<h1 class=\"elementor-heading-title elementor-size-default\">SISTEMI AUTOMATICI PER LA RIMOZIONE DEL FILM E REGGIA<\/h1>\t\t\t\t<\/div>\n\t\t\t\t<\/div>\n\t\t\t\t\t<\/div>\n\t\t\t\t<\/div>\n\t\t<div class=\"elementor-element elementor-element-17aca47 e-flex e-con-boxed e-con e-parent\" data-id=\"17aca47\" data-element_type=\"container\" data-e-type=\"container\">\n\t\t\t\t\t<div class=\"e-con-inner\">\n\t\t<div class=\"elementor-element elementor-element-805950f e-con-full e-flex e-con e-child\" data-id=\"805950f\" data-element_type=\"container\" data-e-type=\"container\">\n\t\t\t\t<div class=\"elementor-element elementor-element-7b9a42a elementor-widget elementor-widget-heading\" data-id=\"7b9a42a\" data-element_type=\"widget\" data-e-type=\"widget\" data-widget_type=\"heading.default\">\n\t\t\t\t<div class=\"elementor-widget-container\">\n\t\t\t\t\t<h2 class=\"elementor-heading-title elementor-size-default\">EASYROCK<\/h2>\t\t\t\t<\/div>\n\t\t\t\t<\/div>\n\t\t\t\t<div class=\"elementor-element elementor-element-d2c60f1 elementor-widget elementor-widget-text-editor\" data-id=\"d2c60f1\" data-element_type=\"widget\" data-e-type=\"widget\" data-widget_type=\"text-editor.default\">\n\t\t\t\t<div class=\"elementor-widget-container\">\n\t\t\t\t\t\t\t\t\t<p>Il sistema robotizzato EASYROCK assicura affidabilit\u00e0, efficienza e \ufb02essibilit\u00e0 nelle operazioni di rimozione di \ufb01lm termoretratto e reggia da unit\u00e0 di carico di vetro cavo su pallet destinate alla successiva depallettizzazione.<br>ll sistema di autoapprendimento\/rilevamento dimensionale dell\u2019unit\u00e0 di carico su pallet consente di determinarne preventivamente la lavorabilit\u00e0 e di gestire correttamente tutte le operazioni.<br>Il centratore posizionato ad inizio linea garantisce il centraggio del pallet sui trasporti, prevenendo problematiche durante le successive fasi di lavorazione.<\/p>\t\t\t\t\t\t\t\t<\/div>\n\t\t\t\t<\/div>\n\t\t\t\t<div class=\"elementor-element elementor-element-83a8578 elementor-widget elementor-widget-image\" data-id=\"83a8578\" data-element_type=\"widget\" data-e-type=\"widget\" data-widget_type=\"image.default\">\n\t\t\t\t<div class=\"elementor-widget-container\">\n\t\t\t\t\t\t\t\t\t\t\t\t\t\t\t<img fetchpriority=\"high\" decoding=\"async\" width=\"1030\" height=\"816\" src=\"https:\/\/e2pack.com\/wp-content\/uploads\/2025\/07\/e2pack_EASYROCK.jpg\" class=\"attachment-full size-full wp-image-1915\" alt=\"\" srcset=\"https:\/\/e2pack.com\/wp-content\/uploads\/2025\/07\/e2pack_EASYROCK.jpg 1030w, https:\/\/e2pack.com\/wp-content\/uploads\/2025\/07\/e2pack_EASYROCK-300x238.jpg 300w, https:\/\/e2pack.com\/wp-content\/uploads\/2025\/07\/e2pack_EASYROCK-1024x811.jpg 1024w, https:\/\/e2pack.com\/wp-content\/uploads\/2025\/07\/e2pack_EASYROCK-768x608.jpg 768w\" sizes=\"(max-width: 1030px) 100vw, 1030px\" \/>\t\t\t\t\t\t\t\t\t\t\t\t\t\t\t<\/div>\n\t\t\t\t<\/div>\n\t\t\t\t<\/div>\n\t\t<div class=\"elementor-element elementor-element-ffed48d e-con-full e-flex e-con e-child\" data-id=\"ffed48d\" data-element_type=\"container\" data-e-type=\"container\">\n\t\t\t\t<div class=\"elementor-element elementor-element-438e97e elementor-widget elementor-widget-image\" data-id=\"438e97e\" data-element_type=\"widget\" data-e-type=\"widget\" data-widget_type=\"image.default\">\n\t\t\t\t<div class=\"elementor-widget-container\">\n\t\t\t\t\t\t\t\t\t\t\t\t\t\t\t<img decoding=\"async\" width=\"773\" height=\"1030\" src=\"https:\/\/e2pack.com\/wp-content\/uploads\/2026\/03\/easyrock.jpg\" class=\"attachment-full size-full wp-image-2583\" alt=\"EasyRock\" srcset=\"https:\/\/e2pack.com\/wp-content\/uploads\/2026\/03\/easyrock.jpg 773w, https:\/\/e2pack.com\/wp-content\/uploads\/2026\/03\/easyrock-225x300.jpg 225w, https:\/\/e2pack.com\/wp-content\/uploads\/2026\/03\/easyrock-768x1023.jpg 768w\" sizes=\"(max-width: 773px) 100vw, 773px\" \/>\t\t\t\t\t\t\t\t\t\t\t\t\t\t\t<\/div>\n\t\t\t\t<\/div>\n\t\t\t\t<\/div>\n\t\t\t\t\t<\/div>\n\t\t\t\t<\/div>\n\t\t<div class=\"elementor-element elementor-element-6a35a6c e-flex e-con-boxed e-con e-parent\" data-id=\"6a35a6c\" data-element_type=\"container\" data-e-type=\"container\" data-settings=\"{&quot;background_background&quot;:&quot;classic&quot;}\">\n\t\t\t\t\t<div class=\"e-con-inner\">\n\t\t\t\t<div class=\"elementor-element elementor-element-54205cd elementor-widget elementor-widget-heading\" data-id=\"54205cd\" data-element_type=\"widget\" data-e-type=\"widget\" data-widget_type=\"heading.default\">\n\t\t\t\t<div class=\"elementor-widget-container\">\n\t\t\t\t\t<h2 class=\"elementor-heading-title elementor-size-default\">PUNTI DI FORZA\n<\/h2>\t\t\t\t<\/div>\n\t\t\t\t<\/div>\n\t\t\t\t<div class=\"elementor-element elementor-element-3038610 svg-verde elementor-icon-list--layout-traditional elementor-list-item-link-full_width elementor-widget elementor-widget-icon-list\" data-id=\"3038610\" data-element_type=\"widget\" data-e-type=\"widget\" data-widget_type=\"icon-list.default\">\n\t\t\t\t<div class=\"elementor-widget-container\">\n\t\t\t\t\t\t\t<ul class=\"elementor-icon-list-items\">\n\t\t\t\t\t\t\t<li class=\"elementor-icon-list-item\">\n\t\t\t\t\t\t\t\t\t\t\t<span class=\"elementor-icon-list-icon\">\n\t\t\t\t\t\t\t<svg xmlns=\"http:\/\/www.w3.org\/2000\/svg\" viewBox=\"0 0 280 196\" width=\"280\" height=\"196\"><style>.a{fill:#50af47}<\/style><path fill-rule=\"evenodd\" class=\"a\" d=\"m279.8 86.2l-0.1-86.2-189.9 109.7-89.8-51.8v86.1l90 51.9 0.1-0.3h0.1l189.6-109.4z\"><\/path><\/svg>\t\t\t\t\t\t<\/span>\n\t\t\t\t\t\t\t\t\t\t<span class=\"elementor-icon-list-text\">Possibilit\u00e0 di lavorare unit\u00e0 di carico su pallet di diverse dimensioni, grazie alla rilevazione automatica della geometria dell\u2019UDC.<\/span>\n\t\t\t\t\t\t\t\t\t<\/li>\n\t\t\t\t\t\t\t\t<li class=\"elementor-icon-list-item\">\n\t\t\t\t\t\t\t\t\t\t\t<span class=\"elementor-icon-list-icon\">\n\t\t\t\t\t\t\t<svg xmlns=\"http:\/\/www.w3.org\/2000\/svg\" viewBox=\"0 0 280 196\" width=\"280\" height=\"196\"><style>.a{fill:#50af47}<\/style><path fill-rule=\"evenodd\" class=\"a\" d=\"m279.8 86.2l-0.1-86.2-189.9 109.7-89.8-51.8v86.1l90 51.9 0.1-0.3h0.1l189.6-109.4z\"><\/path><\/svg>\t\t\t\t\t\t<\/span>\n\t\t\t\t\t\t\t\t\t\t<span class=\"elementor-icon-list-text\">Rilevazione automatica della lavorabilit\u00e0 dell\u2019unit\u00e0 di carico su pallet (valutazione inclinazione prodotto e integrit\u00e0 del film termoretratto).<\/span>\n\t\t\t\t\t\t\t\t\t<\/li>\n\t\t\t\t\t\t\t\t<li class=\"elementor-icon-list-item\">\n\t\t\t\t\t\t\t\t\t\t\t<span class=\"elementor-icon-list-icon\">\n\t\t\t\t\t\t\t<svg xmlns=\"http:\/\/www.w3.org\/2000\/svg\" viewBox=\"0 0 280 196\" width=\"280\" height=\"196\"><style>.a{fill:#50af47}<\/style><path fill-rule=\"evenodd\" class=\"a\" d=\"m279.8 86.2l-0.1-86.2-189.9 109.7-89.8-51.8v86.1l90 51.9 0.1-0.3h0.1l189.6-109.4z\"><\/path><\/svg>\t\t\t\t\t\t<\/span>\n\t\t\t\t\t\t\t\t\t\t<span class=\"elementor-icon-list-text\">Possibilit\u00e0 di defilmare con lo stesso sistema diverse tipologie di unit\u00e0 di carico su pallet per alimentare pi\u00f9 linee di depallettizzazione.<\/span>\n\t\t\t\t\t\t\t\t\t<\/li>\n\t\t\t\t\t\t\t\t<li class=\"elementor-icon-list-item\">\n\t\t\t\t\t\t\t\t\t\t\t<span class=\"elementor-icon-list-icon\">\n\t\t\t\t\t\t\t<svg xmlns=\"http:\/\/www.w3.org\/2000\/svg\" viewBox=\"0 0 280 196\" width=\"280\" height=\"196\"><style>.a{fill:#50af47}<\/style><path fill-rule=\"evenodd\" class=\"a\" d=\"m279.8 86.2l-0.1-86.2-189.9 109.7-89.8-51.8v86.1l90 51.9 0.1-0.3h0.1l189.6-109.4z\"><\/path><\/svg>\t\t\t\t\t\t<\/span>\n\t\t\t\t\t\t\t\t\t\t<span class=\"elementor-icon-list-text\">Traiettorie di taglio predefinite per la suddivisione dell\u2019imballo in due o pi\u00f9 parti.<\/span>\n\t\t\t\t\t\t\t\t\t<\/li>\n\t\t\t\t\t\t\t\t<li class=\"elementor-icon-list-item\">\n\t\t\t\t\t\t\t\t\t\t\t<span class=\"elementor-icon-list-icon\">\n\t\t\t\t\t\t\t<svg xmlns=\"http:\/\/www.w3.org\/2000\/svg\" viewBox=\"0 0 280 196\" width=\"280\" height=\"196\"><style>.a{fill:#50af47}<\/style><path fill-rule=\"evenodd\" class=\"a\" d=\"m279.8 86.2l-0.1-86.2-189.9 109.7-89.8-51.8v86.1l90 51.9 0.1-0.3h0.1l189.6-109.4z\"><\/path><\/svg>\t\t\t\t\t\t<\/span>\n\t\t\t\t\t\t\t\t\t\t<span class=\"elementor-icon-list-text\">Sistema di taglio progettato per garantire l\u2019integrit\u00e0 del prodotto e delle interfalde.<\/span>\n\t\t\t\t\t\t\t\t\t<\/li>\n\t\t\t\t\t\t\t\t<li class=\"elementor-icon-list-item\">\n\t\t\t\t\t\t\t\t\t\t\t<span class=\"elementor-icon-list-icon\">\n\t\t\t\t\t\t\t<svg xmlns=\"http:\/\/www.w3.org\/2000\/svg\" viewBox=\"0 0 280 196\" width=\"280\" height=\"196\"><style>.a{fill:#50af47}<\/style><path fill-rule=\"evenodd\" class=\"a\" d=\"m279.8 86.2l-0.1-86.2-189.9 109.7-89.8-51.8v86.1l90 51.9 0.1-0.3h0.1l189.6-109.4z\"><\/path><\/svg>\t\t\t\t\t\t<\/span>\n\t\t\t\t\t\t\t\t\t\t<span class=\"elementor-icon-list-text\">Capacit\u00e0 variabile in base al tipo di UDC e alla configurazione di layout.<\/span>\n\t\t\t\t\t\t\t\t\t<\/li>\n\t\t\t\t\t\t\t\t<li class=\"elementor-icon-list-item\">\n\t\t\t\t\t\t\t\t\t\t\t<span class=\"elementor-icon-list-icon\">\n\t\t\t\t\t\t\t<svg xmlns=\"http:\/\/www.w3.org\/2000\/svg\" viewBox=\"0 0 280 196\" width=\"280\" height=\"196\"><style>.a{fill:#50af47}<\/style><path fill-rule=\"evenodd\" class=\"a\" d=\"m279.8 86.2l-0.1-86.2-189.9 109.7-89.8-51.8v86.1l90 51.9 0.1-0.3h0.1l189.6-109.4z\"><\/path><\/svg>\t\t\t\t\t\t<\/span>\n\t\t\t\t\t\t\t\t\t\t<span class=\"elementor-icon-list-text\">Ridotti costi di manutenzione grazie all\u2019utilizzo della robotica.<\/span>\n\t\t\t\t\t\t\t\t\t<\/li>\n\t\t\t\t\t\t\t\t<li class=\"elementor-icon-list-item\">\n\t\t\t\t\t\t\t\t\t\t\t<span class=\"elementor-icon-list-icon\">\n\t\t\t\t\t\t\t<svg xmlns=\"http:\/\/www.w3.org\/2000\/svg\" viewBox=\"0 0 280 196\" width=\"280\" height=\"196\"><style>.a{fill:#50af47}<\/style><path fill-rule=\"evenodd\" class=\"a\" d=\"m279.8 86.2l-0.1-86.2-189.9 109.7-89.8-51.8v86.1l90 51.9 0.1-0.3h0.1l189.6-109.4z\"><\/path><\/svg>\t\t\t\t\t\t<\/span>\n\t\t\t\t\t\t\t\t\t\t<span class=\"elementor-icon-list-text\">Footprint ridotto ed elevata accessibilit\u00e0 per le operazioni di ripristino e pulizia.<\/span>\n\t\t\t\t\t\t\t\t\t<\/li>\n\t\t\t\t\t\t<\/ul>\n\t\t\t\t\t\t<\/div>\n\t\t\t\t<\/div>\n\t\t\t\t\t<\/div>\n\t\t\t\t<\/div>\n\t\t<div class=\"elementor-element elementor-element-ebf86b1 e-flex e-con-boxed e-con e-parent\" data-id=\"ebf86b1\" data-element_type=\"container\" data-e-type=\"container\">\n\t\t\t\t\t<div class=\"e-con-inner\">\n\t\t<div class=\"elementor-element elementor-element-145819b e-con-full e-flex e-con e-child\" data-id=\"145819b\" data-element_type=\"container\" data-e-type=\"container\">\n\t\t\t\t<div class=\"elementor-element elementor-element-1fbca3c elementor-widget elementor-widget-heading\" data-id=\"1fbca3c\" data-element_type=\"widget\" data-e-type=\"widget\" data-widget_type=\"heading.default\">\n\t\t\t\t<div class=\"elementor-widget-container\">\n\t\t\t\t\t<h2 class=\"elementor-heading-title elementor-size-default\">IN PRIMO PIANO<\/h2>\t\t\t\t<\/div>\n\t\t\t\t<\/div>\n\t\t\t\t<div class=\"elementor-element elementor-element-3964146 elementor-widget elementor-widget-text-editor\" data-id=\"3964146\" data-element_type=\"widget\" data-e-type=\"widget\" data-widget_type=\"text-editor.default\">\n\t\t\t\t<div class=\"elementor-widget-container\">\n\t\t\t\t\t\t\t\t\t<p><strong>Flessibilit\u00e0<br>\u200d<\/strong>In caso di film danneggiato nella parte inferiore dell\u2019unit\u00e0 di carico, EASYROCK offre anche la possibilit\u00e0 di effettuare il ciclo di taglio del film solo nella parte superiore. In questo modo, si evita che l\u2019unit\u00e0 di carico sia scartata e l\u2019operatore pu\u00f2 completare l\u2019attivit\u00e0 di taglio e rimozione del film in sicurezza. <\/p><p>\u200d<strong>Sostenibilit\u00e0<br><\/strong>Il sistema di taglio a lama rotante motorizzata di EASYROCK riduce notevolmente l\u2019utilizzo di resistenze o soffi di aria calda per tagliare il film, diminuendo considerevolmente i consumi energetici.<\/p><p>\u200d<strong>Sicurezza<br><\/strong>L\u2019impiego di EASYROCK all\u2019ingresso delle linee di depallettizzazione incrementa la sicurezza generale dell\u2019ambiente di lavoro poich\u00e9 elimina i rischi legati all\u2019attivit\u00e0 di rimozione manuale del film (uso di strumenti di taglio e di scale, passaggio sui trasporti di movimentazione).<\/p>\t\t\t\t\t\t\t\t<\/div>\n\t\t\t\t<\/div>\n\t\t\t\t<\/div>\n\t\t<div class=\"elementor-element elementor-element-15e3dcc e-con-full e-flex e-con e-child\" data-id=\"15e3dcc\" data-element_type=\"container\" data-e-type=\"container\">\n\t\t\t\t<div class=\"elementor-element elementor-element-60dd4ba elementor-widget elementor-widget-video\" data-id=\"60dd4ba\" data-element_type=\"widget\" data-e-type=\"widget\" data-settings=\"{&quot;video_type&quot;:&quot;vimeo&quot;}\" data-widget_type=\"video.default\">\n\t\t\t\t<div class=\"elementor-widget-container\">\n\t\t\t\t\t\t\t<div class=\"elementor-wrapper elementor-open-inline\">\n\t\t\t<iframe class=\"elementor-video-iframe\" allowfullscreen allow=\"clipboard-write\" title=\"vimeo Video Player\" src=\"https:\/\/player.vimeo.com\/video\/1108966049?color&amp;autopause=0&amp;loop=0&amp;muted=0&amp;title=0&amp;portrait=0&amp;byline=0#t=\"><\/iframe>\t\t<\/div>\n\t\t\t\t\t\t<\/div>\n\t\t\t\t<\/div>\n\t\t\t\t<\/div>\n\t\t\t\t\t<\/div>\n\t\t\t\t<\/div>\n\t\t<div class=\"elementor-element elementor-element-eade2c2 e-flex e-con-boxed e-con e-parent\" data-id=\"eade2c2\" data-element_type=\"container\" data-e-type=\"container\" data-settings=\"{&quot;background_background&quot;:&quot;classic&quot;}\">\n\t\t\t\t\t<div class=\"e-con-inner\">\n\t\t\t\t\t<\/div>\n\t\t\t\t<\/div>\n\t\t\t\t<\/div>\n\t\t","protected":false},"excerpt":{"rendered":"<p>SISTEMI AUTOMATICI PER LA RIMOZIONE DEL FILM E REGGIA EASYROCK Il sistema robotizzato EASYROCK assicura affidabilit\u00e0, efficienza e \ufb02essibilit\u00e0 nelle operazioni di rimozione di \ufb01lm termoretratto e reggia da unit\u00e0 di carico di vetro cavo su pallet destinate alla successiva depallettizzazione.ll sistema di autoapprendimento\/rilevamento dimensionale dell\u2019unit\u00e0 di carico su pallet consente di determinarne preventivamente la [&hellip;]<\/p>\n","protected":false},"author":2,"featured_media":0,"parent":0,"menu_order":0,"comment_status":"closed","ping_status":"closed","template":"elementor_header_footer","meta":{"footnotes":""},"class_list":["post-2151","page","type-page","status-publish","hentry"],"_links":{"self":[{"href":"https:\/\/e2pack.com\/it\/wp-json\/wp\/v2\/pages\/2151","targetHints":{"allow":["GET"]}}],"collection":[{"href":"https:\/\/e2pack.com\/it\/wp-json\/wp\/v2\/pages"}],"about":[{"href":"https:\/\/e2pack.com\/it\/wp-json\/wp\/v2\/types\/page"}],"author":[{"embeddable":true,"href":"https:\/\/e2pack.com\/it\/wp-json\/wp\/v2\/users\/2"}],"replies":[{"embeddable":true,"href":"https:\/\/e2pack.com\/it\/wp-json\/wp\/v2\/comments?post=2151"}],"version-history":[{"count":2,"href":"https:\/\/e2pack.com\/it\/wp-json\/wp\/v2\/pages\/2151\/revisions"}],"predecessor-version":[{"id":2588,"href":"https:\/\/e2pack.com\/it\/wp-json\/wp\/v2\/pages\/2151\/revisions\/2588"}],"wp:attachment":[{"href":"https:\/\/e2pack.com\/it\/wp-json\/wp\/v2\/media?parent=2151"}],"curies":[{"name":"wp","href":"https:\/\/api.w.org\/{rel}","templated":true}]}}