{"id":2163,"date":"2025-07-22T09:39:31","date_gmt":"2025-07-22T09:39:31","guid":{"rendered":"https:\/\/e2pack.com\/index.php\/soluzioni\/"},"modified":"2025-08-28T13:01:45","modified_gmt":"2025-08-28T13:01:45","slug":"soluzioni","status":"publish","type":"page","link":"https:\/\/e2pack.com\/it\/soluzioni\/","title":{"rendered":"Soluzioni"},"content":{"rendered":"\t\t<div data-elementor-type=\"wp-page\" data-elementor-id=\"2163\" class=\"elementor elementor-2163 elementor-23\" data-elementor-settings=\"{&quot;element_pack_global_tooltip_width&quot;:{&quot;unit&quot;:&quot;px&quot;,&quot;size&quot;:&quot;&quot;,&quot;sizes&quot;:[]},&quot;element_pack_global_tooltip_width_laptop&quot;:{&quot;unit&quot;:&quot;px&quot;,&quot;size&quot;:&quot;&quot;,&quot;sizes&quot;:[]},&quot;element_pack_global_tooltip_width_tablet_extra&quot;:{&quot;unit&quot;:&quot;px&quot;,&quot;size&quot;:&quot;&quot;,&quot;sizes&quot;:[]},&quot;element_pack_global_tooltip_width_tablet&quot;:{&quot;unit&quot;:&quot;px&quot;,&quot;size&quot;:&quot;&quot;,&quot;sizes&quot;:[]},&quot;element_pack_global_tooltip_width_mobile&quot;:{&quot;unit&quot;:&quot;px&quot;,&quot;size&quot;:&quot;&quot;,&quot;sizes&quot;:[]},&quot;element_pack_global_tooltip_padding&quot;:{&quot;unit&quot;:&quot;px&quot;,&quot;top&quot;:&quot;&quot;,&quot;right&quot;:&quot;&quot;,&quot;bottom&quot;:&quot;&quot;,&quot;left&quot;:&quot;&quot;,&quot;isLinked&quot;:true},&quot;element_pack_global_tooltip_padding_laptop&quot;:{&quot;unit&quot;:&quot;px&quot;,&quot;top&quot;:&quot;&quot;,&quot;right&quot;:&quot;&quot;,&quot;bottom&quot;:&quot;&quot;,&quot;left&quot;:&quot;&quot;,&quot;isLinked&quot;:true},&quot;element_pack_global_tooltip_padding_tablet_extra&quot;:{&quot;unit&quot;:&quot;px&quot;,&quot;top&quot;:&quot;&quot;,&quot;right&quot;:&quot;&quot;,&quot;bottom&quot;:&quot;&quot;,&quot;left&quot;:&quot;&quot;,&quot;isLinked&quot;:true},&quot;element_pack_global_tooltip_padding_tablet&quot;:{&quot;unit&quot;:&quot;px&quot;,&quot;top&quot;:&quot;&quot;,&quot;right&quot;:&quot;&quot;,&quot;bottom&quot;:&quot;&quot;,&quot;left&quot;:&quot;&quot;,&quot;isLinked&quot;:true},&quot;element_pack_global_tooltip_padding_mobile&quot;:{&quot;unit&quot;:&quot;px&quot;,&quot;top&quot;:&quot;&quot;,&quot;right&quot;:&quot;&quot;,&quot;bottom&quot;:&quot;&quot;,&quot;left&quot;:&quot;&quot;,&quot;isLinked&quot;:true},&quot;element_pack_global_tooltip_border_radius&quot;:{&quot;unit&quot;:&quot;px&quot;,&quot;top&quot;:&quot;&quot;,&quot;right&quot;:&quot;&quot;,&quot;bottom&quot;:&quot;&quot;,&quot;left&quot;:&quot;&quot;,&quot;isLinked&quot;:true},&quot;element_pack_global_tooltip_border_radius_laptop&quot;:{&quot;unit&quot;:&quot;px&quot;,&quot;top&quot;:&quot;&quot;,&quot;right&quot;:&quot;&quot;,&quot;bottom&quot;:&quot;&quot;,&quot;left&quot;:&quot;&quot;,&quot;isLinked&quot;:true},&quot;element_pack_global_tooltip_border_radius_tablet_extra&quot;:{&quot;unit&quot;:&quot;px&quot;,&quot;top&quot;:&quot;&quot;,&quot;right&quot;:&quot;&quot;,&quot;bottom&quot;:&quot;&quot;,&quot;left&quot;:&quot;&quot;,&quot;isLinked&quot;:true},&quot;element_pack_global_tooltip_border_radius_tablet&quot;:{&quot;unit&quot;:&quot;px&quot;,&quot;top&quot;:&quot;&quot;,&quot;right&quot;:&quot;&quot;,&quot;bottom&quot;:&quot;&quot;,&quot;left&quot;:&quot;&quot;,&quot;isLinked&quot;:true},&quot;element_pack_global_tooltip_border_radius_mobile&quot;:{&quot;unit&quot;:&quot;px&quot;,&quot;top&quot;:&quot;&quot;,&quot;right&quot;:&quot;&quot;,&quot;bottom&quot;:&quot;&quot;,&quot;left&quot;:&quot;&quot;,&quot;isLinked&quot;:true}}\" data-elementor-post-type=\"page\">\n\t\t\t\t<div class=\"elementor-element elementor-element-d30283c e-flex e-con-boxed e-con e-parent\" data-id=\"d30283c\" data-element_type=\"container\" data-e-type=\"container\" data-settings=\"{&quot;background_background&quot;:&quot;classic&quot;}\">\n\t\t\t\t\t<div class=\"e-con-inner\">\n\t\t\t\t\t<\/div>\n\t\t\t\t<\/div>\n\t\t<div class=\"elementor-element elementor-element-a36eb94 e-flex e-con-boxed e-con e-parent\" data-id=\"a36eb94\" data-element_type=\"container\" data-e-type=\"container\">\n\t\t\t\t\t<div class=\"e-con-inner\">\n\t\t\t\t<div class=\"elementor-element elementor-element-0e9ed7e elementor-widget elementor-widget-heading\" data-id=\"0e9ed7e\" data-element_type=\"widget\" data-e-type=\"widget\" data-widget_type=\"heading.default\">\n\t\t\t\t<div class=\"elementor-widget-container\">\n\t\t\t\t\t<span class=\"elementor-heading-title elementor-size-default\">\\ SOLUZIONI \\<\/span>\t\t\t\t<\/div>\n\t\t\t\t<\/div>\n\t\t\t\t<div class=\"elementor-element elementor-element-496e093 elementor-widget elementor-widget-heading\" data-id=\"496e093\" data-element_type=\"widget\" data-e-type=\"widget\" data-widget_type=\"heading.default\">\n\t\t\t\t<div class=\"elementor-widget-container\">\n\t\t\t\t\t<h1 class=\"elementor-heading-title elementor-size-default\">Pronti a offrire le soluzioni integrate di domani\n<\/h1>\t\t\t\t<\/div>\n\t\t\t\t<\/div>\n\t\t\t\t<div class=\"elementor-element elementor-element-4f02a10 elementor-widget elementor-widget-text-editor\" data-id=\"4f02a10\" data-element_type=\"widget\" data-e-type=\"widget\" data-widget_type=\"text-editor.default\">\n\t\t\t\t<div class=\"elementor-widget-container\">\n\t\t\t\t\t\t\t\t\tE2Pack \u00e8 all\u2019avanguardia nello sviluppo di <strong>sistemi industriali avanzati<\/strong>, unendo le competenze nel settore del packaging alla capacit\u00e0 di gestire sistemi complessi. Forte di decenni di esperienza di Bottero e dell\u2019impiego di <strong>tecnologie AI<\/strong>, E2Pack progetta <strong>soluzioni integrate<\/strong> che trasformano la produzione industriale. La nostra visione \u00e8 creare impianti <strong>automatizzati e interconnessi<\/strong>, in cui <strong>Intelligenza Artificiale<\/strong>, <strong>manutenzione predittiva<\/strong> e <strong>gestione in tempo reale delle risorse<\/strong> si uniscono per ottimizzare ogni fase del processo produttivo. E2Pack non solo incrementa l\u2019efficienza e riduce i costi, ma rende i sistemi produttivi pi\u00f9 <strong>resilienti e sostenibili<\/strong>.  \t\t\t\t\t\t\t\t<\/div>\n\t\t\t\t<\/div>\n\t\t\t\t\t<\/div>\n\t\t\t\t<\/div>\n\t\t<div class=\"elementor-element elementor-element-0428617 e-flex e-con-boxed e-con e-parent\" data-id=\"0428617\" data-element_type=\"container\" data-e-type=\"container\" data-settings=\"{&quot;background_background&quot;:&quot;classic&quot;}\">\n\t\t\t\t\t<div class=\"e-con-inner\">\n\t\t\t\t\t<\/div>\n\t\t\t\t<\/div>\n\t\t<div class=\"elementor-element elementor-element-b8ad56f e-flex e-con-boxed e-con e-parent\" data-id=\"b8ad56f\" data-element_type=\"container\" data-e-type=\"container\">\n\t\t\t\t\t<div class=\"e-con-inner\">\n\t\t<div class=\"elementor-element elementor-element-f0abdba e-con-full e-flex e-con e-child\" data-id=\"f0abdba\" data-element_type=\"container\" data-e-type=\"container\">\n\t\t\t\t<div class=\"elementor-element elementor-element-deb23b0 elementor-widget elementor-widget-menu-anchor\" data-id=\"deb23b0\" data-element_type=\"widget\" data-e-type=\"widget\" data-widget_type=\"menu-anchor.default\">\n\t\t\t\t<div class=\"elementor-widget-container\">\n\t\t\t\t\t\t\t<div class=\"elementor-menu-anchor\" id=\"smartfactory\"><\/div>\n\t\t\t\t\t\t<\/div>\n\t\t\t\t<\/div>\n\t\t\t\t<div class=\"elementor-element elementor-element-87cbf99 elementor-widget elementor-widget-heading\" data-id=\"87cbf99\" data-element_type=\"widget\" data-e-type=\"widget\" data-widget_type=\"heading.default\">\n\t\t\t\t<div class=\"elementor-widget-container\">\n\t\t\t\t\t<h2 class=\"elementor-heading-title elementor-size-default\">Padroneggiare la Smart Factory<\/h2>\t\t\t\t<\/div>\n\t\t\t\t<\/div>\n\t\t\t\t<div class=\"elementor-element elementor-element-728bb40 elementor-widget elementor-widget-text-editor\" data-id=\"728bb40\" data-element_type=\"widget\" data-e-type=\"widget\" data-widget_type=\"text-editor.default\">\n\t\t\t\t<div class=\"elementor-widget-container\">\n\t\t\t\t\t\t\t\t\t<p>Forniamo sistemi automatizzati integrati, intelligenti e interconnessi per l\u2019industria del packaging, progettati per lavorare insieme e creare ambienti pi\u00f9 efficienti e resilienti.<br>Con la tecnologia E2Pack, le aziende possono gestire le proprie linee produttive in modo pi\u00f9 efficiente, e i responsabili di produzione possono prendere decisioni pi\u00f9 consapevoli, migliorando cos\u00ec le prestazioni e l\u2019efficienza delle risorse, incrementando la qualit\u00e0 del servizio e la soddisfazione del cliente, il tutto promuovendo sostenibilit\u00e0 e responsabilit\u00e0 ambientale.<\/p>\t\t\t\t\t\t\t\t<\/div>\n\t\t\t\t<\/div>\n\t\t\t\t<\/div>\n\t\t<div class=\"elementor-element elementor-element-4d5e5c5 e-con-full e-flex e-con e-child\" data-id=\"4d5e5c5\" data-element_type=\"container\" data-e-type=\"container\" data-settings=\"{&quot;background_background&quot;:&quot;classic&quot;}\">\n\t\t\t\t<\/div>\n\t\t\t\t\t<\/div>\n\t\t\t\t<\/div>\n\t\t<div class=\"elementor-element elementor-element-78eb1e9 e-flex e-con-boxed e-con e-parent\" data-id=\"78eb1e9\" data-element_type=\"container\" data-e-type=\"container\">\n\t\t\t\t\t<div class=\"e-con-inner\">\n\t\t<div class=\"elementor-element elementor-element-5a1f776 e-con-full e-flex e-con e-child\" data-id=\"5a1f776\" data-element_type=\"container\" data-e-type=\"container\">\n\t\t\t\t<div class=\"elementor-element elementor-element-09d991b elementor-widget elementor-widget-menu-anchor\" data-id=\"09d991b\" data-element_type=\"widget\" data-e-type=\"widget\" data-widget_type=\"menu-anchor.default\">\n\t\t\t\t<div class=\"elementor-widget-container\">\n\t\t\t\t\t\t\t<div class=\"elementor-menu-anchor\" id=\"AI\"><\/div>\n\t\t\t\t\t\t<\/div>\n\t\t\t\t<\/div>\n\t\t\t\t<div class=\"elementor-element elementor-element-1b14b18 elementor-widget elementor-widget-heading\" data-id=\"1b14b18\" data-element_type=\"widget\" data-e-type=\"widget\" data-widget_type=\"heading.default\">\n\t\t\t\t<div class=\"elementor-widget-container\">\n\t\t\t\t\t<h2 class=\"elementor-heading-title elementor-size-default\">Sfruttare l\u2019Intelligenza Artificiale per gestire i processi industriali<\/h2>\t\t\t\t<\/div>\n\t\t\t\t<\/div>\n\t\t\t\t<div class=\"elementor-element elementor-element-4274200 elementor-widget elementor-widget-text-editor\" data-id=\"4274200\" data-element_type=\"widget\" data-e-type=\"widget\" data-widget_type=\"text-editor.default\">\n\t\t\t\t<div class=\"elementor-widget-container\">\n\t\t\t\t\t\t\t\t\t<p>L\u2019Intelligenza Artificiale (AI) sta trasformando la gestione dei processi industriali, creando nuove opportunit\u00e0 per aumentare l\u2019efficienza, ridurre i costi e rafforzare la resilienza delle linee produttive. Grazie al know-how di Bottero, E2Pack \u00e8 in prima linea nello sviluppo di soluzioni avanzate per ottimizzare le operazioni delle aziende del settore packaging. <\/p>\t\t\t\t\t\t\t\t<\/div>\n\t\t\t\t<\/div>\n\t\t\t\t<\/div>\n\t\t<div class=\"elementor-element elementor-element-af531fc e-con-full e-flex e-con e-child\" data-id=\"af531fc\" data-element_type=\"container\" data-e-type=\"container\" data-settings=\"{&quot;background_background&quot;:&quot;classic&quot;}\">\n\t\t\t\t<\/div>\n\t\t\t\t\t<\/div>\n\t\t\t\t<\/div>\n\t\t<div class=\"elementor-element elementor-element-d22a410 e-flex e-con-boxed e-con e-parent\" data-id=\"d22a410\" data-element_type=\"container\" data-e-type=\"container\">\n\t\t\t\t\t<div class=\"e-con-inner\">\n\t\t<div class=\"elementor-element elementor-element-88c4285 e-con-full e-flex e-con e-child\" data-id=\"88c4285\" data-element_type=\"container\" data-e-type=\"container\">\n\t\t\t\t<div class=\"elementor-element elementor-element-9216ad9 elementor-widget elementor-widget-heading\" data-id=\"9216ad9\" data-element_type=\"widget\" data-e-type=\"widget\" data-widget_type=\"heading.default\">\n\t\t\t\t<div class=\"elementor-widget-container\">\n\t\t\t\t\t<h2 class=\"elementor-heading-title elementor-size-default\">Padroneggiare la Smart Factory<\/h2>\t\t\t\t<\/div>\n\t\t\t\t<\/div>\n\t\t\t\t<div class=\"elementor-element elementor-element-fa3955c elementor-widget elementor-widget-text-editor\" data-id=\"fa3955c\" data-element_type=\"widget\" data-e-type=\"widget\" data-widget_type=\"text-editor.default\">\n\t\t\t\t<div class=\"elementor-widget-container\">\n\t\t\t\t\t\t\t\t\t<p>Attualmente concentriamo i nostri sforzi su:<br>\u200d<br><strong>\u2022 Ottimizzazione della produzione tramite AI<br>\u2022 Manutenzione predittiva per prevenire guasti<br>\u2022 Automazione intelligente e personalizzazione dei processi<br>\u2022 Miglioramento della qualit\u00e0 e riduzione degli scarti<br>\u2022 Gestione delle risorse in tempo reale<br>\u2022 Resilienza e adattabilit\u00e0 dei processi industriali<br>\u2022 Sostenibilit\u00e0 e riduzione dell\u2019impatto ambientale<\/strong><\/p>\t\t\t\t\t\t\t\t<\/div>\n\t\t\t\t<\/div>\n\t\t\t\t<\/div>\n\t\t<div class=\"elementor-element elementor-element-4a2d0c4 e-con-full e-flex e-con e-child\" data-id=\"4a2d0c4\" data-element_type=\"container\" data-e-type=\"container\" data-settings=\"{&quot;background_background&quot;:&quot;classic&quot;}\">\n\t\t\t\t<\/div>\n\t\t\t\t\t<\/div>\n\t\t\t\t<\/div>\n\t\t<div class=\"elementor-element elementor-element-64b753d e-flex e-con-boxed e-con e-parent\" data-id=\"64b753d\" data-element_type=\"container\" data-e-type=\"container\" data-settings=\"{&quot;background_background&quot;:&quot;classic&quot;}\">\n\t\t\t\t\t<div class=\"e-con-inner\">\n\t\t<div class=\"elementor-element elementor-element-19df007 e-con-full e-flex e-con e-child\" data-id=\"19df007\" data-element_type=\"container\" data-e-type=\"container\">\n\t\t\t\t<div class=\"elementor-element elementor-element-33e637a elementor-widget elementor-widget-menu-anchor\" data-id=\"33e637a\" data-element_type=\"widget\" data-e-type=\"widget\" data-widget_type=\"menu-anchor.default\">\n\t\t\t\t<div class=\"elementor-widget-container\">\n\t\t\t\t\t\t\t<div class=\"elementor-menu-anchor\" id=\"throughput\"><\/div>\n\t\t\t\t\t\t<\/div>\n\t\t\t\t<\/div>\n\t\t\t\t<div class=\"elementor-element elementor-element-b36ef19 elementor-widget elementor-widget-heading\" data-id=\"b36ef19\" data-element_type=\"widget\" data-e-type=\"widget\" data-widget_type=\"heading.default\">\n\t\t\t\t<div class=\"elementor-widget-container\">\n\t\t\t\t\t<h2 class=\"elementor-heading-title elementor-size-default\"><span style=\"color: #41B432\">Produzione garantita<\/span>, ottimizzazione dei costi e riduzione dei tempi di avviamento<\/h2>\t\t\t\t<\/div>\n\t\t\t\t<\/div>\n\t\t\t\t<div class=\"elementor-element elementor-element-ef350a8 elementor-widget elementor-widget-text-editor\" data-id=\"ef350a8\" data-element_type=\"widget\" data-e-type=\"widget\" data-widget_type=\"text-editor.default\">\n\t\t\t\t<div class=\"elementor-widget-container\">\n\t\t\t\t\t\t\t\t\t<p>Poche aziende sono in grado di <strong>garantire continuit\u00e0 produttiva<\/strong>, <strong>ottimizzazione dei costi<\/strong> e <strong>riduzione dei tempi di avviamento<\/strong> nei processi industriali complessi. Grazie a <strong>oltre 65 anni di esperienza<\/strong> di Bottero nei processi continui di produzione del vetro, <strong>E2Pack<\/strong> ha acquisito le competenze e il know-how necessari per progettare non solo singole macchine, ma vere e proprie <strong>fabbriche di packaging<\/strong>. Il nostro team di ingegneri sviluppa <strong>progetti ottimizzati per i processi<\/strong>, considerando tutte le tecnologie coinvolte. Parallelamente, il nostro team acquisti gestisce con cura la<strong> selezione dei fornitori<\/strong>, costruendo solide relazioni con tutti gli attori della supply chain per migliorare i <strong>risparmi sui costi<\/strong> e i <strong>tempi di consegna<\/strong>.   <\/p>\t\t\t\t\t\t\t\t<\/div>\n\t\t\t\t<\/div>\n\t\t\t\t<\/div>\n\t\t\t\t\t<\/div>\n\t\t\t\t<\/div>\n\t\t<div class=\"elementor-element elementor-element-7f13c0b e-flex e-con-boxed e-con e-parent\" data-id=\"7f13c0b\" data-element_type=\"container\" data-e-type=\"container\">\n\t\t\t\t\t<div class=\"e-con-inner\">\n\t\t\t\t<div class=\"elementor-element elementor-element-8e3c5e6 elementor-widget elementor-widget-heading\" data-id=\"8e3c5e6\" data-element_type=\"widget\" data-e-type=\"widget\" data-widget_type=\"heading.default\">\n\t\t\t\t<div class=\"elementor-widget-container\">\n\t\t\t\t\t<h2 class=\"elementor-heading-title elementor-size-default\">La complessit\u00e0 resa semplice\n<\/h2>\t\t\t\t<\/div>\n\t\t\t\t<\/div>\n\t\t\t\t<div class=\"elementor-element elementor-element-c3cb815 elementor-widget elementor-widget-text-editor\" data-id=\"c3cb815\" data-element_type=\"widget\" data-e-type=\"widget\" data-widget_type=\"text-editor.default\">\n\t\t\t\t<div class=\"elementor-widget-container\">\n\t\t\t\t\t\t\t\t\tCon una forte attenzione all\u2019innovazione e alla qualit\u00e0, siamo in grado di affrontare la complessit\u00e0 industriale semplificando le operazioni e garantendo il pieno controllo sull\u2019intera catena produttiva. Il risultato \u00e8 un ambiente produttivo pi\u00f9 efficiente e flessibile, pienamente in linea con le sfide globali del futuro. \t\t\t\t\t\t\t\t<\/div>\n\t\t\t\t<\/div>\n\t\t\t\t\t<\/div>\n\t\t\t\t<\/div>\n\t\t\t\t<\/div>\n\t\t","protected":false},"excerpt":{"rendered":"<p>SOLUZIONI Pronti a offrire le soluzioni integrate di domani E2Pack \u00e8 all\u2019avanguardia nello sviluppo di sistemi industriali avanzati, unendo le competenze nel settore del packaging alla capacit\u00e0 di gestire sistemi complessi. Forte di decenni di esperienza di Bottero e dell\u2019impiego di tecnologie AI, E2Pack progetta soluzioni integrate che trasformano la produzione industriale. La nostra visione [&hellip;]<\/p>\n","protected":false},"author":2,"featured_media":0,"parent":0,"menu_order":0,"comment_status":"closed","ping_status":"closed","template":"elementor_header_footer","meta":{"footnotes":""},"class_list":["post-2163","page","type-page","status-publish","hentry"],"_links":{"self":[{"href":"https:\/\/e2pack.com\/it\/wp-json\/wp\/v2\/pages\/2163","targetHints":{"allow":["GET"]}}],"collection":[{"href":"https:\/\/e2pack.com\/it\/wp-json\/wp\/v2\/pages"}],"about":[{"href":"https:\/\/e2pack.com\/it\/wp-json\/wp\/v2\/types\/page"}],"author":[{"embeddable":true,"href":"https:\/\/e2pack.com\/it\/wp-json\/wp\/v2\/users\/2"}],"replies":[{"embeddable":true,"href":"https:\/\/e2pack.com\/it\/wp-json\/wp\/v2\/comments?post=2163"}],"version-history":[{"count":0,"href":"https:\/\/e2pack.com\/it\/wp-json\/wp\/v2\/pages\/2163\/revisions"}],"wp:attachment":[{"href":"https:\/\/e2pack.com\/it\/wp-json\/wp\/v2\/media?parent=2163"}],"curies":[{"name":"wp","href":"https:\/\/api.w.org\/{rel}","templated":true}]}}